{"id":333,"date":"2016-05-25T09:56:41","date_gmt":"2016-05-25T07:56:41","guid":{"rendered":"http:\/\/tiskara-reprint.hr\/contact\/?lang=hr"},"modified":"2017-06-21T12:21:33","modified_gmt":"2017-06-21T10:21:33","slug":"contact","status":"publish","type":"page","link":"http:\/\/tiskara-reprint.hr\/hr\/contact\/","title":{"rendered":"Kontakt"},"content":{"rendered":"<h3>Osnovne informacije<\/h3>\n<ul>\n<li>\n<h4>Tvrtka i sjedi\u0161te institucije kod koje se dr\u017ei ra\u010dun i broj tog ra\u010duna:<\/h4>\n<\/li>\n<li>Zagreba\u010dka banka d.d. Zagreb<\/li>\n<li>HR 11 2360 0001 1023 7675 1<\/li>\n<\/ul>\n","protected":false},"excerpt":{"rendered":"<p>Osnovne informacije Tvrtka i sjedi\u0161te institucije kod koje se dr\u017ei ra\u010dun i broj tog ra\u010duna: Zagreba\u010dka banka d.d. Zagreb HR 11 2360 0001 1023 7675 1<\/p>\n","protected":false},"author":12,"featured_media":0,"parent":0,"menu_order":0,"comment_status":"closed","ping_status":"closed","template":"page-contact.php","meta":{"footnotes":""},"class_list":["post-333","page","type-page","status-publish","hentry"],"aioseo_notices":[],"_links":{"self":[{"href":"http:\/\/tiskara-reprint.hr\/hr\/wp-json\/wp\/v2\/pages\/333","targetHints":{"allow":["GET"]}}],"collection":[{"href":"http:\/\/tiskara-reprint.hr\/hr\/wp-json\/wp\/v2\/pages"}],"about":[{"href":"http:\/\/tiskara-reprint.hr\/hr\/wp-json\/wp\/v2\/types\/page"}],"author":[{"embeddable":true,"href":"http:\/\/tiskara-reprint.hr\/hr\/wp-json\/wp\/v2\/users\/12"}],"replies":[{"embeddable":true,"href":"http:\/\/tiskara-reprint.hr\/hr\/wp-json\/wp\/v2\/comments?post=333"}],"version-history":[{"count":8,"href":"http:\/\/tiskara-reprint.hr\/hr\/wp-json\/wp\/v2\/pages\/333\/revisions"}],"predecessor-version":[{"id":2133,"href":"http:\/\/tiskara-reprint.hr\/hr\/wp-json\/wp\/v2\/pages\/333\/revisions\/2133"}],"wp:attachment":[{"href":"http:\/\/tiskara-reprint.hr\/hr\/wp-json\/wp\/v2\/media?parent=333"}],"curies":[{"name":"wp","href":"https:\/\/api.w.org\/{rel}","templated":true}]}}