{"id":1903,"date":"2016-05-25T09:56:41","date_gmt":"2016-05-25T07:56:41","guid":{"rendered":"http:\/\/tiskara-reprint.hr\/contact\/?lang=de"},"modified":"2017-06-26T09:39:05","modified_gmt":"2017-06-26T07:39:05","slug":"kontakt","status":"publish","type":"page","link":"https:\/\/tiskara-reprint.hr\/de\/kontakt\/","title":{"rendered":"Kontakt"},"content":{"rendered":"<h3>Osnovne informacije<\/h3>\n<ul>\n<li>\n<h4>Tvrtka i sjedi\u0161te institucije kod koje se dr\u017ei ra\u010dun i broj tog ra\u010duna:<\/h4>\n<\/li>\n<li>Zagreba\u010dka banka d.d. Zagreb<\/li>\n<li>HR 11 2360 0001 1023 7675 1<\/li>\n<\/ul>\n","protected":false},"excerpt":{"rendered":"<p>Osnovne informacije Tvrtka i sjedi\u0161te institucije kod koje se dr\u017ei ra\u010dun i broj tog ra\u010duna: Zagreba\u010dka banka d.d. Zagreb HR 11 2360 0001 1023 7675 1<\/p>\n","protected":false},"author":12,"featured_media":0,"parent":0,"menu_order":0,"comment_status":"closed","ping_status":"closed","template":"page-contact.php","meta":{"footnotes":""},"class_list":["post-1903","page","type-page","status-publish","hentry"],"aioseo_notices":[],"_links":{"self":[{"href":"https:\/\/tiskara-reprint.hr\/de\/wp-json\/wp\/v2\/pages\/1903","targetHints":{"allow":["GET"]}}],"collection":[{"href":"https:\/\/tiskara-reprint.hr\/de\/wp-json\/wp\/v2\/pages"}],"about":[{"href":"https:\/\/tiskara-reprint.hr\/de\/wp-json\/wp\/v2\/types\/page"}],"author":[{"embeddable":true,"href":"https:\/\/tiskara-reprint.hr\/de\/wp-json\/wp\/v2\/users\/12"}],"replies":[{"embeddable":true,"href":"https:\/\/tiskara-reprint.hr\/de\/wp-json\/wp\/v2\/comments?post=1903"}],"version-history":[{"count":4,"href":"https:\/\/tiskara-reprint.hr\/de\/wp-json\/wp\/v2\/pages\/1903\/revisions"}],"predecessor-version":[{"id":2140,"href":"https:\/\/tiskara-reprint.hr\/de\/wp-json\/wp\/v2\/pages\/1903\/revisions\/2140"}],"wp:attachment":[{"href":"https:\/\/tiskara-reprint.hr\/de\/wp-json\/wp\/v2\/media?parent=1903"}],"curies":[{"name":"wp","href":"https:\/\/api.w.org\/{rel}","templated":true}]}}