{"id":2175,"date":"2017-07-24T07:26:55","date_gmt":"2017-07-24T05:26:55","guid":{"rendered":"http:\/\/tiskara-reprint.hr\/it\/?page_id=2175"},"modified":"2017-07-24T07:26:55","modified_gmt":"2017-07-24T05:26:55","slug":"kontakt","status":"publish","type":"page","link":"https:\/\/tiskara-reprint.hr\/it\/kontakt\/","title":{"rendered":"Kontakt"},"content":{"rendered":"<h3>Osnovne informacije<\/h3>\n<ul>\n<li>\n<h4>Tvrtka i sjedi\u0161te institucije kod koje se dr\u017ei ra\u010dun i broj tog ra\u010duna:<\/h4>\n<\/li>\n<li>Zagreba\u010dka banka d.d. Zagreb<\/li>\n<li>HR 11 2360 0001 1023 7675 1<\/li>\n<\/ul>\n","protected":false},"excerpt":{"rendered":"<p>Osnovne informacije Tvrtka i sjedi\u0161te institucije kod koje se dr\u017ei ra\u010dun i broj tog ra\u010duna: Zagreba\u010dka banka d.d. Zagreb HR 11 2360 0001 1023 7675 1<\/p>\n","protected":false},"author":3,"featured_media":0,"parent":0,"menu_order":0,"comment_status":"closed","ping_status":"closed","template":"page-contact.php","meta":{"footnotes":""},"class_list":["post-2175","page","type-page","status-publish","hentry"],"aioseo_notices":[],"_links":{"self":[{"href":"https:\/\/tiskara-reprint.hr\/it\/wp-json\/wp\/v2\/pages\/2175","targetHints":{"allow":["GET"]}}],"collection":[{"href":"https:\/\/tiskara-reprint.hr\/it\/wp-json\/wp\/v2\/pages"}],"about":[{"href":"https:\/\/tiskara-reprint.hr\/it\/wp-json\/wp\/v2\/types\/page"}],"author":[{"embeddable":true,"href":"https:\/\/tiskara-reprint.hr\/it\/wp-json\/wp\/v2\/users\/3"}],"replies":[{"embeddable":true,"href":"https:\/\/tiskara-reprint.hr\/it\/wp-json\/wp\/v2\/comments?post=2175"}],"version-history":[{"count":1,"href":"https:\/\/tiskara-reprint.hr\/it\/wp-json\/wp\/v2\/pages\/2175\/revisions"}],"predecessor-version":[{"id":2176,"href":"https:\/\/tiskara-reprint.hr\/it\/wp-json\/wp\/v2\/pages\/2175\/revisions\/2176"}],"wp:attachment":[{"href":"https:\/\/tiskara-reprint.hr\/it\/wp-json\/wp\/v2\/media?parent=2175"}],"curies":[{"name":"wp","href":"https:\/\/api.w.org\/{rel}","templated":true}]}}